{"id":1661,"date":"2021-02-04T12:28:48","date_gmt":"2021-02-04T11:28:48","guid":{"rendered":"https:\/\/www.icotonidialbini.com\/cataloghi\/"},"modified":"2025-02-18T10:00:30","modified_gmt":"2025-02-18T09:00:30","slug":"yarns","status":"publish","type":"page","link":"https:\/\/www.albiniyarns.com\/en\/yarns\/","title":{"rendered":"Yarns"},"content":{"rendered":"\n<div class=\"wp-block-cover alignfull has-background-dim ica_hero\" style=\"background-image:url(https:\/\/www.icotonidialbini.com\/wp-content\/uploads\/2021\/02\/Low_img_01-2-1.jpg)\"><div class=\"wp-block-cover__inner-container\">\n<p class=\"has-text-align-left has-large-font-size\">Yarns<\/p>\n\n\n\n<p class=\"has-text-align-left has-small-font-size\">Discover and download the Albini Yarns product catalogues.<\/p>\n<\/div><\/div>\n\n\n\n<div class=\"wp-block-group alignfull main_title_row\"><div class=\"wp-block-group__inner-container\">\n<div class=\"wp-block-columns alignfull are-vertically-aligned-center hide\">\n<div class=\"wp-block-column is-vertically-aligned-center title_col_sx\">\n<figure class=\"wp-block-image size-large is-resized\"><img loading=\"lazy\" src=\"https:\/\/www.albiniyarns.com\/wp-content\/uploads\/\/2020\/09\/title_sx.svg\" alt=\"\" class=\"wp-image-1105\" width=\"84\" height=\"113\"\/><\/figure>\n<\/div>\n\n\n\n<div class=\"wp-block-column is-vertically-aligned-center\">\n<p class=\"has-text-align-center main_title\">Albini Yarns\u00a0impiega materie prime di altissima qualit\u00e0 ponendo particolare attenzione alla loro sostenibilit\u00e0 e tracciabilit\u00e0<\/p>\n<\/div>\n\n\n\n<div class=\"wp-block-column is-vertically-aligned-center title_col_dx\">\n<figure class=\"wp-block-image size-large is-resized\"><img loading=\"lazy\" src=\"https:\/\/www.albiniyarns.com\/wp-content\/uploads\/\/2020\/09\/title_dx.svg\" alt=\"\" class=\"wp-image-1104\" width=\"84\" height=\"113\"\/><\/figure>\n<\/div>\n<\/div>\n<\/div><\/div>\n\n\n<!--<div class=\"cataloghi_filter\">[searchandfilter id=\"1615\"]<\/div>-->\r\n<div class=\"cataloghi_row\">\r\n<div class=\"cataloghi_filter\"><\/div>\r\n[mdf_results_by_ajax shortcode=\"mdf_custom template=any\/cataloghi post_type=cataloghi orderby=date order=desc page=1 per_page=999 pagination=tb essential=31 panel_id=373\"]<!--[mdf_results_by_ajax shortcode=\"mdf_custom template=any\/cataloghi post_type=cataloghi orderby=date order=desc page=1 per_page=999 pagination=tb essential=31 panel_id=373\" animate=1 animate_target=.cataloghi_row]-->\r\n<\/div>\r\n\n","protected":false},"excerpt":{"rendered":"","protected":false},"author":1,"featured_media":0,"parent":0,"menu_order":0,"comment_status":"closed","ping_status":"closed","template":"","meta":[],"yoast_head":"<!-- This site is optimized with the Yoast SEO plugin v15.9.1 - https:\/\/yoast.com\/wordpress\/plugins\/seo\/ -->\n<title>Yarns - Albini Yarns<\/title>\n<meta name=\"robots\" content=\"index, follow, max-snippet:-1, max-image-preview:large, max-video-preview:-1\" \/>\n<link rel=\"canonical\" href=\"https:\/\/www.albiniyarns.com\/en\/yarns\/\" \/>\n<meta property=\"og:locale\" content=\"en_US\" \/>\n<meta property=\"og:type\" content=\"article\" \/>\n<meta property=\"og:title\" content=\"Yarns - Albini Yarns\" \/>\n<meta property=\"og:url\" content=\"https:\/\/www.albiniyarns.com\/en\/yarns\/\" \/>\n<meta property=\"og:site_name\" content=\"Albini Yarns\" \/>\n<meta property=\"article:modified_time\" content=\"2025-02-18T09:00:30+00:00\" \/>\n<meta property=\"og:image\" content=\"https:\/\/www.albiniyarns.com\/wp-content\/uploads\/\/2020\/09\/title_sx.svg\" \/>\n<meta name=\"twitter:card\" content=\"summary_large_image\" \/>\n<meta name=\"twitter:label1\" content=\"Est. reading time\">\n\t<meta name=\"twitter:data1\" content=\"1 minute\">\n<script type=\"application\/ld+json\" class=\"yoast-schema-graph\">{\"@context\":\"https:\/\/schema.org\",\"@graph\":[{\"@type\":\"Organization\",\"@id\":\"https:\/\/www.albiniyarns.com\/#organization\",\"name\":\"I Cotoni di Albini\",\"url\":\"https:\/\/www.albiniyarns.com\/\",\"sameAs\":[],\"logo\":{\"@type\":\"ImageObject\",\"@id\":\"https:\/\/www.albiniyarns.com\/#logo\",\"inLanguage\":\"en-US\",\"url\":\"https:\/\/www.albiniyarns.com\/wp-content\/uploads\/2020\/09\/ica_logo.svg\",\"caption\":\"I Cotoni di Albini\"},\"image\":{\"@id\":\"https:\/\/www.albiniyarns.com\/#logo\"}},{\"@type\":\"WebSite\",\"@id\":\"https:\/\/www.albiniyarns.com\/#website\",\"url\":\"https:\/\/www.albiniyarns.com\/\",\"name\":\"Albini Yarns\",\"description\":\"\",\"publisher\":{\"@id\":\"https:\/\/www.albiniyarns.com\/#organization\"},\"potentialAction\":[{\"@type\":\"SearchAction\",\"target\":\"https:\/\/www.albiniyarns.com\/?s={search_term_string}\",\"query-input\":\"required name=search_term_string\"}],\"inLanguage\":\"en-US\"},{\"@type\":\"ImageObject\",\"@id\":\"https:\/\/www.albiniyarns.com\/en\/yarns\/#primaryimage\",\"inLanguage\":\"en-US\",\"url\":\"https:\/\/www.albiniyarns.com\/wp-content\/uploads\/\/2020\/09\/title_sx.svg\"},{\"@type\":\"WebPage\",\"@id\":\"https:\/\/www.albiniyarns.com\/en\/yarns\/#webpage\",\"url\":\"https:\/\/www.albiniyarns.com\/en\/yarns\/\",\"name\":\"Yarns - Albini Yarns\",\"isPartOf\":{\"@id\":\"https:\/\/www.albiniyarns.com\/#website\"},\"primaryImageOfPage\":{\"@id\":\"https:\/\/www.albiniyarns.com\/en\/yarns\/#primaryimage\"},\"datePublished\":\"2021-02-04T11:28:48+00:00\",\"dateModified\":\"2025-02-18T09:00:30+00:00\",\"breadcrumb\":{\"@id\":\"https:\/\/www.albiniyarns.com\/en\/yarns\/#breadcrumb\"},\"inLanguage\":\"en-US\",\"potentialAction\":[{\"@type\":\"ReadAction\",\"target\":[\"https:\/\/www.albiniyarns.com\/en\/yarns\/\"]}]},{\"@type\":\"BreadcrumbList\",\"@id\":\"https:\/\/www.albiniyarns.com\/en\/yarns\/#breadcrumb\",\"itemListElement\":[{\"@type\":\"ListItem\",\"position\":1,\"item\":{\"@type\":\"WebPage\",\"@id\":\"https:\/\/www.albiniyarns.com\/en\/\",\"url\":\"https:\/\/www.albiniyarns.com\/en\/\",\"name\":\"Home\"}},{\"@type\":\"ListItem\",\"position\":2,\"item\":{\"@type\":\"WebPage\",\"@id\":\"https:\/\/www.albiniyarns.com\/en\/yarns\/\",\"url\":\"https:\/\/www.albiniyarns.com\/en\/yarns\/\",\"name\":\"Yarns\"}}]}]}<\/script>\n<!-- \/ Yoast SEO plugin. -->","_links":{"self":[{"href":"https:\/\/www.albiniyarns.com\/en\/wp-json\/wp\/v2\/pages\/1661"}],"collection":[{"href":"https:\/\/www.albiniyarns.com\/en\/wp-json\/wp\/v2\/pages"}],"about":[{"href":"https:\/\/www.albiniyarns.com\/en\/wp-json\/wp\/v2\/types\/page"}],"author":[{"embeddable":true,"href":"https:\/\/www.albiniyarns.com\/en\/wp-json\/wp\/v2\/users\/1"}],"replies":[{"embeddable":true,"href":"https:\/\/www.albiniyarns.com\/en\/wp-json\/wp\/v2\/comments?post=1661"}],"version-history":[{"count":9,"href":"https:\/\/www.albiniyarns.com\/en\/wp-json\/wp\/v2\/pages\/1661\/revisions"}],"predecessor-version":[{"id":3769,"href":"https:\/\/www.albiniyarns.com\/en\/wp-json\/wp\/v2\/pages\/1661\/revisions\/3769"}],"wp:attachment":[{"href":"https:\/\/www.albiniyarns.com\/en\/wp-json\/wp\/v2\/media?parent=1661"}],"curies":[{"name":"wp","href":"https:\/\/api.w.org\/{rel}","templated":true}]}}